{"id":11017,"date":"2024-08-23T09:00:38","date_gmt":"2024-08-23T07:00:38","guid":{"rendered":"https:\/\/zach-praezisionswerkzeuge.com\/?page_id=11017"},"modified":"2024-09-02T12:03:09","modified_gmt":"2024-09-02T10:03:09","slug":"impressum","status":"publish","type":"page","link":"https:\/\/zach-praezisionswerkzeuge.com\/en\/impressum\/","title":{"rendered":"Impressum"},"content":{"rendered":"<div data-elementor-type=\"wp-page\" data-elementor-id=\"11017\" class=\"elementor elementor-11017\" data-elementor-post-type=\"page\">\n\t\t\t\t<div class=\"elementor-element elementor-element-36211f2 e-flex e-con-boxed e-con e-parent\" data-id=\"36211f2\" data-element_type=\"container\" data-e-type=\"container\" data-settings=\"{&quot;background_background&quot;:&quot;classic&quot;}\">\n\t\t\t\t\t<div class=\"e-con-inner\">\n\t\t<div class=\"elementor-element elementor-element-d630095 e-con-full e-flex e-con e-child\" data-id=\"d630095\" data-element_type=\"container\" data-e-type=\"container\">\n\t\t\t\t<div class=\"elementor-element elementor-element-9206f62 elementor-widget elementor-widget-heading\" data-id=\"9206f62\" data-element_type=\"widget\" data-e-type=\"widget\" data-widget_type=\"heading.default\">\n\t\t\t\t<div class=\"elementor-widget-container\">\n\t\t\t\t\t<h2 class=\"elementor-heading-title elementor-size-default\">Impressum<\/h2>\t\t\t\t<\/div>\n\t\t\t\t<\/div>\n\t\t\t\t<div class=\"elementor-element elementor-element-2c1e829 elementor-widget elementor-widget-text-editor\" data-id=\"2c1e829\" data-element_type=\"widget\" data-e-type=\"widget\" data-widget_type=\"text-editor.default\">\n\t\t\t\t<div class=\"elementor-widget-container\">\n\t\t\t\t\t\t\t\t\t<p><strong>Franz Zach Praezisionswerkzeuge GMBH<\/strong><br \/>Frank-Stronach-Str. 2<br \/>A-8200 Gleisdorf<\/p><p><strong>Kontakt:<\/strong><br \/>E-Mail: <a rel=\"noopener\">office@zach-praezisionswerkzeuge.com<\/a><br \/>Telefon: +43 (0) 3112 \/ 38352<\/p><p><strong>Gesch\u00e4ftsf\u00fchrer:<\/strong><br \/>Franz Zach, Chief Executive Officer (CEO)<\/p><p><strong>Firmenbuchnummer:<\/strong> Fn290078k<br \/><strong>Gerichtsstand:<\/strong> LG F\u00fcr Graz als Handelsgericht<br \/><strong>Umsatzsteuer-Identifikationsnummer:<\/strong> ATU 63230569<\/p><p><strong>Online-Streitbeilegung<\/strong>: Verbraucher haben die M\u00f6glichkeit, Beschwerden an die Online-Streitbeilegungsplattform der EU zu richten: <a href=\"https:\/\/ec.europa.eu\/odr\" target=\"_new\" rel=\"noopener\">ec.europa.eu\/odr<\/a>.<\/p>\t\t\t\t\t\t\t\t<\/div>\n\t\t\t\t<\/div>\n\t\t\t\t<\/div>\n\t\t<div class=\"elementor-element elementor-element-d2f7b86 e-con-full e-flex e-con e-child\" data-id=\"d2f7b86\" data-element_type=\"container\" data-e-type=\"container\">\n\t\t\t\t<\/div>\n\t\t\t\t\t<\/div>\n\t\t\t\t<\/div>\n\t\t\t\t<\/div>","protected":false},"excerpt":{"rendered":"<p>Impressum Franz Zach Praezisionswerkzeuge GMBHFrank-Stronach-Str. 2A-8200 Gleisdorf Kontakt:E-Mail: office@zach-praezisionswerkzeuge.comTelefon: +43 (0) 3112 \/ 38352 Gesch\u00e4ftsf\u00fchrer:Franz Zach, Chief Executive Officer (CEO) Firmenbuchnummer: Fn290078kGerichtsstand: LG F\u00fcr Graz als HandelsgerichtUmsatzsteuer-Identifikationsnummer: ATU 63230569 Online-Streitbeilegung: Verbraucher haben die M\u00f6glichkeit, Beschwerden an die Online-Streitbeilegungsplattform der EU zu richten: ec.europa.eu\/odr.<\/p>","protected":false},"author":69339880,"featured_media":0,"parent":0,"menu_order":0,"comment_status":"closed","ping_status":"closed","template":"","meta":{"_crdt_document":"","site-sidebar-layout":"no-sidebar","site-content-layout":"page-builder","ast-site-content-layout":"full-width-container","site-content-style":"default","site-sidebar-style":"default","ast-global-header-display":"","ast-banner-title-visibility":"","ast-main-header-display":"","ast-hfb-above-header-display":"","ast-hfb-below-header-display":"","ast-hfb-mobile-header-display":"","site-post-title":"disabled","ast-breadcrumbs-content":"","ast-featured-img":"disabled","footer-sml-layout":"","ast-disable-related-posts":"","theme-transparent-header-meta":"","adv-header-id-meta":"","stick-header-meta":"","header-above-stick-meta":"","header-main-stick-meta":"","header-below-stick-meta":"","astra-migrate-meta-layouts":"set","ast-page-background-enabled":"default","ast-page-background-meta":{"desktop":{"background-color":"var(--ast-global-color-4)","background-image":"","background-repeat":"repeat","background-position":"center center","background-size":"auto","background-attachment":"scroll","background-type":"","background-media":"","overlay-type":"","overlay-color":"","overlay-opacity":"","overlay-gradient":""},"tablet":{"background-color":"","background-image":"","background-repeat":"repeat","background-position":"center center","background-size":"auto","background-attachment":"scroll","background-type":"","background-media":"","overlay-type":"","overlay-color":"","overlay-opacity":"","overlay-gradient":""},"mobile":{"background-color":"","background-image":"","background-repeat":"repeat","background-position":"center center","background-size":"auto","background-attachment":"scroll","background-type":"","background-media":"","overlay-type":"","overlay-color":"","overlay-opacity":"","overlay-gradient":""}},"ast-content-background-meta":{"desktop":{"background-color":"var(--ast-global-color-5)","background-image":"","background-repeat":"repeat","background-position":"center center","background-size":"auto","background-attachment":"scroll","background-type":"","background-media":"","overlay-type":"","overlay-color":"","overlay-opacity":"","overlay-gradient":""},"tablet":{"background-color":"var(--ast-global-color-5)","background-image":"","background-repeat":"repeat","background-position":"center center","background-size":"auto","background-attachment":"scroll","background-type":"","background-media":"","overlay-type":"","overlay-color":"","overlay-opacity":"","overlay-gradient":""},"mobile":{"background-color":"var(--ast-global-color-5)","background-image":"","background-repeat":"repeat","background-position":"center center","background-size":"auto","background-attachment":"scroll","background-type":"","background-media":"","overlay-type":"","overlay-color":"","overlay-opacity":"","overlay-gradient":""}},"footnotes":""},"class_list":["post-11017","page","type-page","status-publish","hentry"],"yoast_head":"<!-- This site is optimized with the Yoast SEO plugin v27.4 - https:\/\/yoast.com\/product\/yoast-seo-wordpress\/ -->\n<title>Impressum | Zuverl\u00e4ssige Pr\u00e4zisionswerkzeuge &amp; Zerspanungstechnik<\/title>\n<meta name=\"robots\" content=\"index, follow, max-snippet:-1, max-image-preview:large, max-video-preview:-1\" \/>\n<link rel=\"canonical\" href=\"https:\/\/zach-praezisionswerkzeuge.com\/en\/impressum\/\" \/>\n<meta property=\"og:locale\" content=\"en_US\" \/>\n<meta property=\"og:type\" content=\"article\" \/>\n<meta property=\"og:title\" content=\"Impressum | Zuverl\u00e4ssige Pr\u00e4zisionswerkzeuge &amp; Zerspanungstechnik\" \/>\n<meta property=\"og:description\" content=\"Impressum Franz Zach Praezisionswerkzeuge GMBHFrank-Stronach-Str. 2A-8200 Gleisdorf Kontakt:E-Mail: office@zach-praezisionswerkzeuge.comTelefon: +43 (0) 3112 \/ 38352 Gesch\u00e4ftsf\u00fchrer:Franz Zach, Chief Executive Officer (CEO) Firmenbuchnummer: Fn290078kGerichtsstand: LG F\u00fcr Graz als HandelsgerichtUmsatzsteuer-Identifikationsnummer: ATU 63230569 Online-Streitbeilegung: Verbraucher haben die M\u00f6glichkeit, Beschwerden an die Online-Streitbeilegungsplattform der EU zu richten: ec.europa.eu\/odr.\" \/>\n<meta property=\"og:url\" content=\"https:\/\/zach-praezisionswerkzeuge.com\/en\/impressum\/\" \/>\n<meta property=\"og:site_name\" content=\"Franz Zach Pr\u00e4zisionswerkzeuge\" \/>\n<meta property=\"article:modified_time\" content=\"2024-09-02T10:03:09+00:00\" \/>\n<meta property=\"og:image\" content=\"https:\/\/i0.wp.com\/zach-praezisionswerkzeuge.com\/wp-content\/uploads\/2023\/10\/seo_zach.png?fit=1200%2C675&ssl=1\" \/>\n\t<meta property=\"og:image:width\" content=\"1200\" \/>\n\t<meta property=\"og:image:height\" content=\"675\" \/>\n\t<meta property=\"og:image:type\" content=\"image\/png\" \/>\n<meta name=\"twitter:card\" content=\"summary_large_image\" \/>\n<meta name=\"twitter:label1\" content=\"Est. reading time\" \/>\n\t<meta name=\"twitter:data1\" content=\"1 minute\" \/>\n<script type=\"application\/ld+json\" class=\"yoast-schema-graph\">{\"@context\":\"https:\\\/\\\/schema.org\",\"@graph\":[{\"@type\":\"WebPage\",\"@id\":\"https:\\\/\\\/zach-praezisionswerkzeuge.com\\\/impressum\\\/\",\"url\":\"https:\\\/\\\/zach-praezisionswerkzeuge.com\\\/impressum\\\/\",\"name\":\"Impressum | Zuverl\u00e4ssige Pr\u00e4zisionswerkzeuge &amp; Zerspanungstechnik\",\"isPartOf\":{\"@id\":\"https:\\\/\\\/zach-praezisionswerkzeuge.com\\\/#website\"},\"datePublished\":\"2024-08-23T07:00:38+00:00\",\"dateModified\":\"2024-09-02T10:03:09+00:00\",\"breadcrumb\":{\"@id\":\"https:\\\/\\\/zach-praezisionswerkzeuge.com\\\/impressum\\\/#breadcrumb\"},\"inLanguage\":\"en-US\",\"potentialAction\":[{\"@type\":\"ReadAction\",\"target\":[\"https:\\\/\\\/zach-praezisionswerkzeuge.com\\\/impressum\\\/\"]}]},{\"@type\":\"BreadcrumbList\",\"@id\":\"https:\\\/\\\/zach-praezisionswerkzeuge.com\\\/impressum\\\/#breadcrumb\",\"itemListElement\":[{\"@type\":\"ListItem\",\"position\":1,\"name\":\"Startseite\",\"item\":\"https:\\\/\\\/zach-praezisionswerkzeuge.com\\\/\"},{\"@type\":\"ListItem\",\"position\":2,\"name\":\"Impressum\"}]},{\"@type\":\"WebSite\",\"@id\":\"https:\\\/\\\/zach-praezisionswerkzeuge.com\\\/#website\",\"url\":\"https:\\\/\\\/zach-praezisionswerkzeuge.com\\\/\",\"name\":\"Franz Zach Pr\u00e4zisionswerkzeuge\",\"description\":\"Zuverl\u00e4ssige Pr\u00e4zisionswerkzeuge &amp; Zerspanungstechnik\",\"publisher\":{\"@id\":\"https:\\\/\\\/zach-praezisionswerkzeuge.com\\\/#organization\"},\"alternateName\":\"zach-praezisionswerkzeuge\",\"potentialAction\":[{\"@type\":\"SearchAction\",\"target\":{\"@type\":\"EntryPoint\",\"urlTemplate\":\"https:\\\/\\\/zach-praezisionswerkzeuge.com\\\/?s={search_term_string}\"},\"query-input\":{\"@type\":\"PropertyValueSpecification\",\"valueRequired\":true,\"valueName\":\"search_term_string\"}}],\"inLanguage\":\"en-US\"},{\"@type\":\"Organization\",\"@id\":\"https:\\\/\\\/zach-praezisionswerkzeuge.com\\\/#organization\",\"name\":\"Franz Zach Pr\u00e4zisionswerkzeuge GMBH\",\"url\":\"https:\\\/\\\/zach-praezisionswerkzeuge.com\\\/\",\"logo\":{\"@type\":\"ImageObject\",\"inLanguage\":\"en-US\",\"@id\":\"https:\\\/\\\/zach-praezisionswerkzeuge.com\\\/#\\\/schema\\\/logo\\\/image\\\/\",\"url\":\"https:\\\/\\\/i0.wp.com\\\/zach-praezisionswerkzeuge.com\\\/wp-content\\\/uploads\\\/2023\\\/08\\\/etsy_icon_logo-1.jpg?fit=500%2C500&ssl=1\",\"contentUrl\":\"https:\\\/\\\/i0.wp.com\\\/zach-praezisionswerkzeuge.com\\\/wp-content\\\/uploads\\\/2023\\\/08\\\/etsy_icon_logo-1.jpg?fit=500%2C500&ssl=1\",\"width\":500,\"height\":500,\"caption\":\"Franz Zach Pr\u00e4zisionswerkzeuge GMBH\"},\"image\":{\"@id\":\"https:\\\/\\\/zach-praezisionswerkzeuge.com\\\/#\\\/schema\\\/logo\\\/image\\\/\"},\"sameAs\":[\"https:\\\/\\\/www.instagram.com\\\/zachpraezisionswerkzeuge\\\/\"]}]}<\/script>\n<!-- \/ Yoast SEO plugin. -->","yoast_head_json":{"title":"Impressum | Zuverl\u00e4ssige Pr\u00e4zisionswerkzeuge &amp; Zerspanungstechnik","robots":{"index":"index","follow":"follow","max-snippet":"max-snippet:-1","max-image-preview":"max-image-preview:large","max-video-preview":"max-video-preview:-1"},"canonical":"https:\/\/zach-praezisionswerkzeuge.com\/en\/impressum\/","og_locale":"en_US","og_type":"article","og_title":"Impressum | Zuverl\u00e4ssige Pr\u00e4zisionswerkzeuge &amp; Zerspanungstechnik","og_description":"Impressum Franz Zach Praezisionswerkzeuge GMBHFrank-Stronach-Str. 2A-8200 Gleisdorf Kontakt:E-Mail: office@zach-praezisionswerkzeuge.comTelefon: +43 (0) 3112 \/ 38352 Gesch\u00e4ftsf\u00fchrer:Franz Zach, Chief Executive Officer (CEO) Firmenbuchnummer: Fn290078kGerichtsstand: LG F\u00fcr Graz als HandelsgerichtUmsatzsteuer-Identifikationsnummer: ATU 63230569 Online-Streitbeilegung: Verbraucher haben die M\u00f6glichkeit, Beschwerden an die Online-Streitbeilegungsplattform der EU zu richten: ec.europa.eu\/odr.","og_url":"https:\/\/zach-praezisionswerkzeuge.com\/en\/impressum\/","og_site_name":"Franz Zach Pr\u00e4zisionswerkzeuge","article_modified_time":"2024-09-02T10:03:09+00:00","og_image":[{"width":1200,"height":675,"url":"https:\/\/i0.wp.com\/zach-praezisionswerkzeuge.com\/wp-content\/uploads\/2023\/10\/seo_zach.png?fit=1200%2C675&ssl=1","type":"image\/png"}],"twitter_card":"summary_large_image","twitter_misc":{"Est. reading time":"1 minute"},"schema":{"@context":"https:\/\/schema.org","@graph":[{"@type":"WebPage","@id":"https:\/\/zach-praezisionswerkzeuge.com\/impressum\/","url":"https:\/\/zach-praezisionswerkzeuge.com\/impressum\/","name":"Impressum | Zuverl\u00e4ssige Pr\u00e4zisionswerkzeuge &amp; Zerspanungstechnik","isPartOf":{"@id":"https:\/\/zach-praezisionswerkzeuge.com\/#website"},"datePublished":"2024-08-23T07:00:38+00:00","dateModified":"2024-09-02T10:03:09+00:00","breadcrumb":{"@id":"https:\/\/zach-praezisionswerkzeuge.com\/impressum\/#breadcrumb"},"inLanguage":"en-US","potentialAction":[{"@type":"ReadAction","target":["https:\/\/zach-praezisionswerkzeuge.com\/impressum\/"]}]},{"@type":"BreadcrumbList","@id":"https:\/\/zach-praezisionswerkzeuge.com\/impressum\/#breadcrumb","itemListElement":[{"@type":"ListItem","position":1,"name":"Startseite","item":"https:\/\/zach-praezisionswerkzeuge.com\/"},{"@type":"ListItem","position":2,"name":"Impressum"}]},{"@type":"WebSite","@id":"https:\/\/zach-praezisionswerkzeuge.com\/#website","url":"https:\/\/zach-praezisionswerkzeuge.com\/","name":"Franz Zach Pr\u00e4zisionswerkzeuge","description":"Zuverl\u00e4ssige Pr\u00e4zisionswerkzeuge &amp; Zerspanungstechnik","publisher":{"@id":"https:\/\/zach-praezisionswerkzeuge.com\/#organization"},"alternateName":"zach-praezisionswerkzeuge","potentialAction":[{"@type":"SearchAction","target":{"@type":"EntryPoint","urlTemplate":"https:\/\/zach-praezisionswerkzeuge.com\/?s={search_term_string}"},"query-input":{"@type":"PropertyValueSpecification","valueRequired":true,"valueName":"search_term_string"}}],"inLanguage":"en-US"},{"@type":"Organization","@id":"https:\/\/zach-praezisionswerkzeuge.com\/#organization","name":"Franz Zach Pr\u00e4zisionswerkzeuge GMBH","url":"https:\/\/zach-praezisionswerkzeuge.com\/","logo":{"@type":"ImageObject","inLanguage":"en-US","@id":"https:\/\/zach-praezisionswerkzeuge.com\/#\/schema\/logo\/image\/","url":"https:\/\/i0.wp.com\/zach-praezisionswerkzeuge.com\/wp-content\/uploads\/2023\/08\/etsy_icon_logo-1.jpg?fit=500%2C500&ssl=1","contentUrl":"https:\/\/i0.wp.com\/zach-praezisionswerkzeuge.com\/wp-content\/uploads\/2023\/08\/etsy_icon_logo-1.jpg?fit=500%2C500&ssl=1","width":500,"height":500,"caption":"Franz Zach Pr\u00e4zisionswerkzeuge GMBH"},"image":{"@id":"https:\/\/zach-praezisionswerkzeuge.com\/#\/schema\/logo\/image\/"},"sameAs":["https:\/\/www.instagram.com\/zachpraezisionswerkzeuge\/"]}]}},"jetpack_likes_enabled":true,"jetpack_sharing_enabled":true,"jetpack_shortlink":"https:\/\/wp.me\/PePofn-2RH","jetpack-related-posts":[],"_links":{"self":[{"href":"https:\/\/zach-praezisionswerkzeuge.com\/en\/wp-json\/wp\/v2\/pages\/11017","targetHints":{"allow":["GET"]}}],"collection":[{"href":"https:\/\/zach-praezisionswerkzeuge.com\/en\/wp-json\/wp\/v2\/pages"}],"about":[{"href":"https:\/\/zach-praezisionswerkzeuge.com\/en\/wp-json\/wp\/v2\/types\/page"}],"author":[{"embeddable":true,"href":"https:\/\/zach-praezisionswerkzeuge.com\/en\/wp-json\/wp\/v2\/users\/69339880"}],"replies":[{"embeddable":true,"href":"https:\/\/zach-praezisionswerkzeuge.com\/en\/wp-json\/wp\/v2\/comments?post=11017"}],"version-history":[{"count":16,"href":"https:\/\/zach-praezisionswerkzeuge.com\/en\/wp-json\/wp\/v2\/pages\/11017\/revisions"}],"predecessor-version":[{"id":11170,"href":"https:\/\/zach-praezisionswerkzeuge.com\/en\/wp-json\/wp\/v2\/pages\/11017\/revisions\/11170"}],"wp:attachment":[{"href":"https:\/\/zach-praezisionswerkzeuge.com\/en\/wp-json\/wp\/v2\/media?parent=11017"}],"curies":[{"name":"wp","href":"https:\/\/api.w.org\/{rel}","templated":true}]}}